{"id":4419,"date":"2025-05-07T08:55:28","date_gmt":"2025-05-07T05:55:28","guid":{"rendered":"https:\/\/nallehasse.medialuotsidemot.fi\/rakennustyot\/"},"modified":"2025-12-16T12:24:26","modified_gmt":"2025-12-16T10:24:26","slug":"byggarbeten","status":"publish","type":"page","link":"https:\/\/nallehasse.com\/sv\/byggarbeten\/","title":{"rendered":"Byggarbeten"},"content":{"rendered":"\r\n\r\n<section class=\"hero site-banner banner-bg-image section-default default alignfull image\">\r\n\r\n    <div class=\"site-banner-bg section-bg-image \" >\r\n\r\n        <img loading=\"lazy\" decoding=\"async\" width=\"2560\" height=\"1705\" src=\"https:\/\/nallehasse.com\/wp-content\/uploads\/2025\/05\/rakennustyot-2-scaled.jpg\" class=\"attachment-1536\u00d71536 size-1536\u00d71536\" alt=\"rakennusty\u00f6t-2\" srcset=\"https:\/\/nallehasse.com\/wp-content\/uploads\/2025\/05\/rakennustyot-2-scaled.jpg 2560w, https:\/\/nallehasse.com\/wp-content\/uploads\/2025\/05\/rakennustyot-2-300x200.jpg 300w, https:\/\/nallehasse.com\/wp-content\/uploads\/2025\/05\/rakennustyot-2-1024x682.jpg 1024w, https:\/\/nallehasse.com\/wp-content\/uploads\/2025\/05\/rakennustyot-2-768x512.jpg 768w, https:\/\/nallehasse.com\/wp-content\/uploads\/2025\/05\/rakennustyot-2-1536x1023.jpg 1536w, https:\/\/nallehasse.com\/wp-content\/uploads\/2025\/05\/rakennustyot-2-2048x1364.jpg 2048w\" sizes=\"auto, (max-width: 2560px) 100vw, 2560px\" \/>\r\n        \r\n            <div class=\"site-banner-content container\">\r\n                <div class=\"row w-100\">\r\n                    <div class=\"col-md-12\">\r\n\r\n                        <h1 class=\"hero-title\">Byggarbeten och renovering<\/h1><div class=\"inner-content\">\r\n                            <div class=\"acf-innerblocks-container\"><\/div>\r\n                        <\/div>                    <\/div>\r\n                <\/div>\r\n            <\/div>\r\n        \r\n        <\/div><\/section>\n\n\n<div class=\"wp-block-columns is-style-narrow is-layout-flex wp-container-core-columns-is-layout-9d6595d7 wp-block-columns-is-layout-flex\">\n<div class=\"wp-block-column is-layout-flow wp-block-column-is-layout-flow\">\n<p class=\"has-text-align-center\" style=\"font-size:20px\">Vi utf\u00f6r alla sorters byggarbeten, stora och sm\u00e5, och vi \u00e4r inte r\u00e4dda f\u00f6r utmaningar!<\/p>\n\n\n\n<p class=\"has-text-align-center\" style=\"font-size:20px\">V\u00e5rt huvudsakliga verksamhetsomr\u00e5de \u00e4r runt Pargas, St Karins och \u00c5bo med omnejd!<\/p>\n\n\n\n<p class=\"has-text-align-center\" style=\"font-size:20px\">\u201dVi \u00e4r inte r\u00e4dda f\u00f6r utmaningar!\u201d<\/p>\n<\/div>\n<\/div>\n\n\n<div class=\"image-and-text wp-block has-media-on-the-left\">\r\n<div class=\"row\">\r\n    <div class=\"col-12 col-md-6 image-col\">\r\n\r\n        <img loading=\"lazy\" decoding=\"async\" width=\"768\" height=\"1024\" src=\"https:\/\/nallehasse.com\/wp-content\/uploads\/2025\/12\/20251023-104906-1-768x1024.jpeg\" class=\"attachment-large size-large\" alt=\"\" srcset=\"https:\/\/nallehasse.com\/wp-content\/uploads\/2025\/12\/20251023-104906-1-768x1024.jpeg 768w, https:\/\/nallehasse.com\/wp-content\/uploads\/2025\/12\/20251023-104906-1-225x300.jpeg 225w, https:\/\/nallehasse.com\/wp-content\/uploads\/2025\/12\/20251023-104906-1-1152x1536.jpeg 1152w, https:\/\/nallehasse.com\/wp-content\/uploads\/2025\/12\/20251023-104906-1-1536x2048.jpeg 1536w, https:\/\/nallehasse.com\/wp-content\/uploads\/2025\/12\/20251023-104906-1-scaled.jpeg 1920w\" sizes=\"auto, (max-width: 768px) 100vw, 768px\" \/>    <\/div>\r\n\r\n    <div class=\"col-12 col-md-6 text-col\"><div class=\"acf-innerblocks-container\">\n\n<h2 class=\"wp-block-heading\">Nybyggen<\/h2>\n\n\n\n<p>Att bygga hus \u00e4r f\u00f6r dom flesta livets st\u00f6rsta investering. D\u00e5 \u00e4r det ocks\u00e5 viktigt att<\/p>\n\n\n\n<p>det blir precis som man t\u00e4nkt sig!<\/p>\n\n\n\n<p>Med m\u00e5nga \u00e5rs erfarenhet g\u00f6r vi byggandet enkelt f\u00f6r kunden. Vad \u00e4n det \u00e4r fr\u00e5gan<\/p>\n\n\n\n<p>om; egnahemshus, garage, sommarstuga, en liten g\u00e5rdsbyggnad, en terass eller<\/p>\n\n\n\n<p>ocks\u00e5 st\u00f6rre projekt s\u00e5 fixar vi det!<\/p>\n\n\n\n<p>Smidighet och kvalit\u00e9 \u00e4r vad vi vill ge Er!<\/p>\n\n\n\n<p>Vi erbjuder fullst\u00e4ndiga nyckeln-i-handen paket, och utf\u00f6r \u00e4ven delprojekt!<\/p>\n\n\n\n<p>P\u00e5 timdebitering eller enligt fast pris!<\/p>\n\n<\/div>\r\n<\/div>\r\n<\/div>\r\n<\/div>\n\n<div class=\"image-and-text wp-block has-media-on-the-right\">\r\n<div class=\"row\">\r\n    <div class=\"col-12 col-md-6 image-col\">\r\n\r\n        <img loading=\"lazy\" decoding=\"async\" width=\"768\" height=\"1024\" src=\"https:\/\/nallehasse.com\/wp-content\/uploads\/2025\/12\/rakennustyot-1-3-768x1024.jpg\" class=\"attachment-large size-large\" alt=\"\" srcset=\"https:\/\/nallehasse.com\/wp-content\/uploads\/2025\/12\/rakennustyot-1-3-768x1024.jpg 768w, https:\/\/nallehasse.com\/wp-content\/uploads\/2025\/12\/rakennustyot-1-3-225x300.jpg 225w, https:\/\/nallehasse.com\/wp-content\/uploads\/2025\/12\/rakennustyot-1-3-1152x1536.jpg 1152w, https:\/\/nallehasse.com\/wp-content\/uploads\/2025\/12\/rakennustyot-1-3-1536x2048.jpg 1536w, https:\/\/nallehasse.com\/wp-content\/uploads\/2025\/12\/rakennustyot-1-3-scaled.jpg 1920w\" sizes=\"auto, (max-width: 768px) 100vw, 768px\" \/>    <\/div>\r\n\r\n    <div class=\"col-12 col-md-6 text-col\"><div class=\"acf-innerblocks-container\">\n\n<h2 class=\"wp-block-heading\">Renovering<\/h2>\n\n\n\n<p>Dags att renovera hemmet? Vi hj\u00e4lper Er g\u00e4rna!<\/p>\n\n\n\n<p>I renoveringsarbeten har man speciellt stor nytta av att samma firma sk\u00f6ter b\u00e5de el- och byggarbeten!<\/p>\n\n\n\n<p>F\u00f6r att n\u00e4mna n\u00e5gra arbeten som vi g\u00e4rna g\u00f6r:<\/p>\n\n\n\n<ul class=\"wp-block-list\">\n<li>K\u00f6ksinstallation<\/li>\n\n\n\n<li>Kakelarbete och v\u00e5tutrymmen<\/li>\n\n\n\n<li>Bastubygge<\/li>\n\n\n\n<li>Snickeri<\/li>\n\n\n\n<li>Fasad- och takrenovering<\/li>\n\n\n\n<li>Terassbygge<\/li>\n\n\n\n<li>M\u00e5lningsarbete, tapetsering och andra former av ytrenovering<\/li>\n<\/ul>\n\n\n\n<h3 class=\"wp-block-heading\">\u201dnyckeln-i-handen\u201d- renovering!<\/h3>\n\n\n\n<p>Vi erbjuder \u00e4ven fullst\u00e4ndig \u201dnyckeln-i-handen\u201d- renovering! Nalle&amp;Hasse samarbetar \u00e4ven med fastighetstorkningsfirmor och sk\u00f6ter ocks\u00e5 skadesanering fr\u00e5n b\u00f6rjan till slut!<\/p>\n\n\n\n<p>Var inte blyga f\u00f6r att ta kontakt, vi diskuterar g\u00e4rna mer!<\/p>\n\n<\/div>\r\n<\/div>\r\n<\/div>\r\n<\/div>\n\n\n<figure class=\"wp-block-gallery has-nested-images columns-default is-cropped wp-block-gallery-1 is-layout-flex wp-block-gallery-is-layout-flex\">\n<figure class=\"wp-block-image size-large\"><a href=\"https:\/\/nallehasse.com\/wp-content\/uploads\/2025\/05\/dsc07789-hdr-edit-scaled.jpg\"><img loading=\"lazy\" decoding=\"async\" width=\"684\" height=\"1024\" data-id=\"4397\" src=\"https:\/\/nallehasse.com\/wp-content\/uploads\/2025\/05\/dsc07789-hdr-edit-684x1024.jpg\" alt=\"\" class=\"wp-image-4397\" srcset=\"https:\/\/nallehasse.com\/wp-content\/uploads\/2025\/05\/dsc07789-hdr-edit-684x1024.jpg 684w, https:\/\/nallehasse.com\/wp-content\/uploads\/2025\/05\/dsc07789-hdr-edit-200x300.jpg 200w, https:\/\/nallehasse.com\/wp-content\/uploads\/2025\/05\/dsc07789-hdr-edit-768x1150.jpg 768w, https:\/\/nallehasse.com\/wp-content\/uploads\/2025\/05\/dsc07789-hdr-edit-1026x1536.jpg 1026w, https:\/\/nallehasse.com\/wp-content\/uploads\/2025\/05\/dsc07789-hdr-edit-1368x2048.jpg 1368w, https:\/\/nallehasse.com\/wp-content\/uploads\/2025\/05\/dsc07789-hdr-edit-scaled.jpg 1710w\" sizes=\"auto, (max-width: 684px) 100vw, 684px\" \/><\/a><\/figure>\n\n\n\n<figure class=\"wp-block-image size-large\"><a href=\"https:\/\/nallehasse.com\/wp-content\/uploads\/2025\/05\/20180707-175945-scaled.jpg\"><img loading=\"lazy\" decoding=\"async\" width=\"1024\" height=\"1024\" data-id=\"4373\" src=\"https:\/\/nallehasse.com\/wp-content\/uploads\/2025\/05\/20180707-175945-1024x1024.jpg\" alt=\"\" class=\"wp-image-4373\" srcset=\"https:\/\/nallehasse.com\/wp-content\/uploads\/2025\/05\/20180707-175945-1024x1024.jpg 1024w, https:\/\/nallehasse.com\/wp-content\/uploads\/2025\/05\/20180707-175945-300x300.jpg 300w, https:\/\/nallehasse.com\/wp-content\/uploads\/2025\/05\/20180707-175945-150x150.jpg 150w, https:\/\/nallehasse.com\/wp-content\/uploads\/2025\/05\/20180707-175945-768x768.jpg 768w, https:\/\/nallehasse.com\/wp-content\/uploads\/2025\/05\/20180707-175945-1536x1536.jpg 1536w, https:\/\/nallehasse.com\/wp-content\/uploads\/2025\/05\/20180707-175945-2048x2048.jpg 2048w\" sizes=\"auto, (max-width: 1024px) 100vw, 1024px\" \/><\/a><\/figure>\n<\/figure>\n\n\n\n<figure class=\"wp-block-gallery has-nested-images columns-default is-cropped wp-block-gallery-2 is-layout-flex wp-block-gallery-is-layout-flex\">\n<figure class=\"wp-block-image size-large\"><a href=\"https:\/\/nallehasse.com\/wp-content\/uploads\/2025\/12\/img-2491-edit-scaled.jpg\"><img loading=\"lazy\" decoding=\"async\" width=\"662\" height=\"1024\" data-id=\"4528\" src=\"https:\/\/nallehasse.com\/wp-content\/uploads\/2025\/12\/img-2491-edit-662x1024.jpg\" alt=\"\" class=\"wp-image-4528\" srcset=\"https:\/\/nallehasse.com\/wp-content\/uploads\/2025\/12\/img-2491-edit-662x1024.jpg 662w, https:\/\/nallehasse.com\/wp-content\/uploads\/2025\/12\/img-2491-edit-194x300.jpg 194w, https:\/\/nallehasse.com\/wp-content\/uploads\/2025\/12\/img-2491-edit-768x1189.jpg 768w, https:\/\/nallehasse.com\/wp-content\/uploads\/2025\/12\/img-2491-edit-993x1536.jpg 993w, https:\/\/nallehasse.com\/wp-content\/uploads\/2025\/12\/img-2491-edit-1323x2048.jpg 1323w, https:\/\/nallehasse.com\/wp-content\/uploads\/2025\/12\/img-2491-edit-scaled.jpg 1654w\" sizes=\"auto, (max-width: 662px) 100vw, 662px\" \/><\/a><\/figure>\n\n\n\n<figure class=\"wp-block-image size-large\"><a href=\"https:\/\/nallehasse.com\/wp-content\/uploads\/2025\/12\/img-1112-scaled.jpg\"><img loading=\"lazy\" decoding=\"async\" width=\"576\" height=\"1024\" data-id=\"4508\" src=\"https:\/\/nallehasse.com\/wp-content\/uploads\/2025\/12\/img-1112-576x1024.jpg\" alt=\"\" class=\"wp-image-4508\" srcset=\"https:\/\/nallehasse.com\/wp-content\/uploads\/2025\/12\/img-1112-576x1024.jpg 576w, https:\/\/nallehasse.com\/wp-content\/uploads\/2025\/12\/img-1112-169x300.jpg 169w, https:\/\/nallehasse.com\/wp-content\/uploads\/2025\/12\/img-1112-768x1365.jpg 768w, https:\/\/nallehasse.com\/wp-content\/uploads\/2025\/12\/img-1112-864x1536.jpg 864w, https:\/\/nallehasse.com\/wp-content\/uploads\/2025\/12\/img-1112-1152x2048.jpg 1152w, https:\/\/nallehasse.com\/wp-content\/uploads\/2025\/12\/img-1112-scaled.jpg 1440w\" sizes=\"auto, (max-width: 576px) 100vw, 576px\" \/><\/a><\/figure>\n<\/figure>\n\n\n\n<div class=\"wp-block-group alignfull has-light-gray-background-color has-background\"><div class=\"wp-block-group__inner-container is-layout-constrained wp-block-group-is-layout-constrained\">\n<h2 class=\"wp-block-heading\">Var inte blyga f\u00f6r att ta kontakt, vi diskuterar g\u00e4rna mer!<\/h2>\n\n\n<script>\nvar gform;gform||(document.addEventListener(\"gform_main_scripts_loaded\",function(){gform.scriptsLoaded=!0}),document.addEventListener(\"gform\/theme\/scripts_loaded\",function(){gform.themeScriptsLoaded=!0}),window.addEventListener(\"DOMContentLoaded\",function(){gform.domLoaded=!0}),gform={domLoaded:!1,scriptsLoaded:!1,themeScriptsLoaded:!1,isFormEditor:()=>\"function\"==typeof InitializeEditor,callIfLoaded:function(o){return!(!gform.domLoaded||!gform.scriptsLoaded||!gform.themeScriptsLoaded&&!gform.isFormEditor()||(gform.isFormEditor()&&console.warn(\"The use of gform.initializeOnLoaded() is deprecated in the form editor context and will be removed in Gravity Forms 3.1.\"),o(),0))},initializeOnLoaded:function(o){gform.callIfLoaded(o)||(document.addEventListener(\"gform_main_scripts_loaded\",()=>{gform.scriptsLoaded=!0,gform.callIfLoaded(o)}),document.addEventListener(\"gform\/theme\/scripts_loaded\",()=>{gform.themeScriptsLoaded=!0,gform.callIfLoaded(o)}),window.addEventListener(\"DOMContentLoaded\",()=>{gform.domLoaded=!0,gform.callIfLoaded(o)}))},hooks:{action:{},filter:{}},addAction:function(o,r,e,t){gform.addHook(\"action\",o,r,e,t)},addFilter:function(o,r,e,t){gform.addHook(\"filter\",o,r,e,t)},doAction:function(o){gform.doHook(\"action\",o,arguments)},applyFilters:function(o){return gform.doHook(\"filter\",o,arguments)},removeAction:function(o,r){gform.removeHook(\"action\",o,r)},removeFilter:function(o,r,e){gform.removeHook(\"filter\",o,r,e)},addHook:function(o,r,e,t,n){null==gform.hooks[o][r]&&(gform.hooks[o][r]=[]);var d=gform.hooks[o][r];null==n&&(n=r+\"_\"+d.length),gform.hooks[o][r].push({tag:n,callable:e,priority:t=null==t?10:t})},doHook:function(r,o,e){var t;if(e=Array.prototype.slice.call(e,1),null!=gform.hooks[r][o]&&((o=gform.hooks[r][o]).sort(function(o,r){return o.priority-r.priority}),o.forEach(function(o){\"function\"!=typeof(t=o.callable)&&(t=window[t]),\"action\"==r?t.apply(null,e):e[0]=t.apply(null,e)})),\"filter\"==r)return e[0]},removeHook:function(o,r,t,n){var e;null!=gform.hooks[o][r]&&(e=(e=gform.hooks[o][r]).filter(function(o,r,e){return!!(null!=n&&n!=o.tag||null!=t&&t!=o.priority)}),gform.hooks[o][r]=e)}});\n<\/script>\n\n                <div class='gf_browser_gecko gform_wrapper gravity-theme gform-theme--no-framework' data-form-theme='gravity-theme' data-form-index='0' id='gform_wrapper_2' >\n                        <div class='gform_heading'>\n                            <p class='gform_description'><\/p>\n\t\t\t\t\t\t\t<p class='gform_required_legend'>\u201d<span class=\"gfield_required gfield_required_asterisk\">*<\/span>\u201d anger obligatoriska f\u00e4lt<\/p>\n                        <\/div><form method='post' enctype='multipart\/form-data'  id='gform_2'  action='\/sv\/wp-json\/wp\/v2\/pages\/4419' data-formid='2' novalidate>\n                        <div class='gform-body gform_body'><div id='gform_fields_2' class='gform_fields top_label form_sublabel_below description_below validation_below'><div id=\"field_2_9\" class=\"gfield gfield--type-honeypot gform_validation_container field_sublabel_below gfield--has-description field_description_below field_validation_below gfield_visibility_visible\"  ><label class='form-label gfield_label gform-field-label' for='input_2_9'>Comments<\/label><div class='ginput_container'><input name='input_9' id='input_2_9' type='text' value='' autocomplete='new-password'\/><\/div><div class='small text-muted gfield_description' id='gfield_description_2_9'>Detta f\u00e4lt anv\u00e4nds f\u00f6r validerings\u00e4ndam\u00e5l och ska l\u00e4mnas of\u00f6r\u00e4ndrat.<\/div><\/div><div id=\"field_2_1\" class=\"gfield gfield--type-text gfield--input-type-text gfield--width-half gfield_contains_required field_sublabel_below gfield--no-description field_description_below field_validation_below gfield_visibility_visible\"  ><label class='form-label gfield_label gform-field-label' for='input_2_1'>namn<span class=\"gfield_required\"><span class=\"gfield_required gfield_required_asterisk\">*<\/span><\/span><\/label><div class='ginput_container ginput_container_text'><input name='input_1' id='input_2_1' type='text' value='' class='form-control'     aria-required=\"true\" aria-invalid=\"false\"   \/><\/div><\/div><div id=\"field_2_5\" class=\"gfield gfield--type-email gfield--input-type-email gfield--width-half gfield_contains_required field_sublabel_below gfield--no-description field_description_below field_validation_below gfield_visibility_visible\"  ><label class='form-label gfield_label gform-field-label' for='input_2_5'>E-post<span class=\"gfield_required\"><span class=\"gfield_required gfield_required_asterisk\">*<\/span><\/span><\/label><div class='ginput_container ginput_container_email'>\n                            <input name='input_5' id='input_2_5' autocomplete='email' type='email' value='' class='large'    aria-required=\"true\" aria-invalid=\"false\"  \/>\n                        <\/div><\/div><div id=\"field_2_4\" class=\"gfield gfield--type-textarea gfield--input-type-textarea field_sublabel_below gfield--no-description field_description_below field_validation_below gfield_visibility_visible\"  ><label class='form-label gfield_label gform-field-label' for='input_2_4'>Vad beh\u00f6ver du?<\/label><div class='ginput_container ginput_container_textarea'><textarea name='input_4' id='input_2_4' class='form-control form-control-lg textarea'      aria-invalid=\"false\"   rows='4' cols='50'><\/textarea><\/div><\/div><div id=\"field_2_6\" class=\"gfield gfield--type-date gfield--input-type-date gfield--input-type-datepicker gfield--datepicker-no-icon gfield--width-full field_sublabel_below gfield--no-description field_description_below field_validation_below gfield_visibility_visible\"  ><label class='form-label gfield_label gform-field-label' for='input_2_6'>N\u00e4r \u00e4r projektet relevant?<\/label><div class='ginput_container col ginput_container_date'>\n                            <input name='input_6' id='input_2_6' type='text' value='' class='form-control datepicker gform-datepicker dmy_dot datepicker_no_icon gdatepicker-no-icon'   placeholder='dd.mm.\u00e5\u00e5\u00e5\u00e5' aria-describedby=\"input_2_6_date_format\" aria-invalid=\"false\" \/>\n                            <span id='input_2_6_date_format' class='screen-reader-text'>DD punkt MM punkt \u00c5\u00c5\u00c5\u00c5<\/span>\n                        <\/div>\n                        <input type='hidden' id='gforms_calendar_icon_input_2_6' class='gform_hidden' value='https:\/\/nallehasse.com\/wp-content\/plugins\/gravityforms\/images\/datepicker\/datepicker.svg'\/><\/div><div id=\"field_2_7\" class=\"gfield gfield--type-text gfield--input-type-text gfield--width-full field_sublabel_below gfield--no-description field_description_below field_validation_below gfield_visibility_visible\"  ><label class='form-label gfield_label gform-field-label' for='input_2_7'>I vilken stad ligger projektet?<\/label><div class='ginput_container ginput_container_text'><input name='input_7' id='input_2_7' type='text' value='' class='form-control'      aria-invalid=\"false\"   \/><\/div><\/div><div id=\"field_2_8\" class=\"gfield gfield--type-captcha gfield--input-type-captcha gfield--width-full field_sublabel_below gfield--no-description field_description_below hidden_label field_validation_below gfield_visibility_visible\"  ><label class='form-label gfield_label gform-field-label' for='input_2_8'>CAPTCHA<\/label><div id='input_2_8' class='ginput_container ginput_recaptcha' data-sitekey='6Lc7RWIrAAAAAIKeMuAqn7bmWy9_Jr01iFa8u0l3'  data-theme='light' data-tabindex='0'  data-badge=''><\/div><\/div><\/div><\/div>\n        <div class='gform-footer gform_footer top_label'> <input type='submit' id='gform_submit_button_2' class='gform_button btn btn-primary button' onclick='gform.submission.handleButtonClick(this);' data-submission-type='submit' value='Skicka'  \/> \n            <input type='hidden' class='gform_hidden' name='gform_submission_method' data-js='gform_submission_method_2' value='postback' \/>\n            <input type='hidden' class='gform_hidden' name='gform_theme' data-js='gform_theme_2' id='gform_theme_2' value='gravity-theme' \/>\n            <input type='hidden' class='gform_hidden' name='gform_style_settings' data-js='gform_style_settings_2' id='gform_style_settings_2' value='{&quot;inputPrimaryColor&quot;:&quot;#204ce5&quot;}' \/>\n            <input type='hidden' class='gform_hidden' name='is_submit_2' value='1' \/>\n            <input type='hidden' class='gform_hidden' name='gform_submit' value='2' \/>\n            \n            <input type='hidden' class='gform_hidden' name='gform_currency' data-currency='EUR' value='pkjQeNvZ2d9giNwUvjmo1D2cslxmD1C6LlvdsVB4A0hsmSXqMoHphsUjdOm\/kGAxzr8Ckz4zvOhvakkUNZOxdqzoMZh0htfSASTWaGAZIWi44hk=' \/>\n            <input type='hidden' class='gform_hidden' name='gform_unique_id' value='' \/>\n            <input type='hidden' class='gform_hidden' name='state_2' value='WyJbXSIsImNlYjNmOTZlN2RlYzQ5OTkxNWMxZWYwNTQyYTEyYzQyIl0=' \/>\n            <input type='hidden' autocomplete='off' class='gform_hidden' name='gform_target_page_number_2' id='gform_target_page_number_2' value='0' \/>\n            <input type='hidden' autocomplete='off' class='gform_hidden' name='gform_source_page_number_2' id='gform_source_page_number_2' value='1' \/>\n            <input type='hidden' name='gform_field_values' value='' \/>\n            \n        <\/div>\n                        <\/form>\n                        <\/div><script>\ngform.initializeOnLoaded( function() {gformInitSpinner( 2, 'data:image\/gif;base64,R0lGODlhAQABAIAAAAAAAP\/\/\/yH5BAEAAAAALAAAAAABAAEAAAIBRAA7', true );jQuery('#gform_ajax_frame_2').on('load',function(){var contents = jQuery(this).contents().find('*').html();var is_postback = contents.indexOf('GF_AJAX_POSTBACK') >= 0;if(!is_postback){return;}var form_content = jQuery(this).contents().find('#gform_wrapper_2');var is_confirmation = jQuery(this).contents().find('#gform_confirmation_wrapper_2').length > 0;var is_redirect = contents.indexOf('gformRedirect(){') >= 0;var is_form = form_content.length > 0 && ! is_redirect && ! is_confirmation;var mt = parseInt(jQuery('html').css('margin-top'), 10) + parseInt(jQuery('body').css('margin-top'), 10) + 100;if(is_form){jQuery('#gform_wrapper_2').html(form_content.html());if(form_content.hasClass('gform_validation_error')){jQuery('#gform_wrapper_2').addClass('gform_validation_error');} else {jQuery('#gform_wrapper_2').removeClass('gform_validation_error');}setTimeout( function() { \/* delay the scroll by 50 milliseconds to fix a bug in chrome *\/  }, 50 );if(window['gformInitDatepicker']) {gformInitDatepicker();}if(window['gformInitPriceFields']) {gformInitPriceFields();}var current_page = jQuery('#gform_source_page_number_2').val();gformInitSpinner( 2, 'data:image\/gif;base64,R0lGODlhAQABAIAAAAAAAP\/\/\/yH5BAEAAAAALAAAAAABAAEAAAIBRAA7', true );jQuery(document).trigger('gform_page_loaded', [2, current_page]);window['gf_submitting_2'] = false;}else if(!is_redirect){var confirmation_content = jQuery(this).contents().find('.GF_AJAX_POSTBACK').html();if(!confirmation_content){confirmation_content = contents;}jQuery('#gform_wrapper_2').replaceWith(confirmation_content);jQuery(document).trigger('gform_confirmation_loaded', [2]);window['gf_submitting_2'] = false;wp.a11y.speak(jQuery('#gform_confirmation_message_2').text());}else{jQuery('#gform_2').append(contents);if(window['gformRedirect']) {gformRedirect();}}jQuery(document).trigger(\"gform_pre_post_render\", [{ formId: \"2\", currentPage: \"current_page\", abort: function() { this.preventDefault(); } }]);        if (event && event.defaultPrevented) {                return;        }        const gformWrapperDiv = document.getElementById( \"gform_wrapper_2\" );        if ( gformWrapperDiv ) {            const visibilitySpan = document.createElement( \"span\" );            visibilitySpan.id = \"gform_visibility_test_2\";            gformWrapperDiv.insertAdjacentElement( \"afterend\", visibilitySpan );        }        const visibilityTestDiv = document.getElementById( \"gform_visibility_test_2\" );        let postRenderFired = false;        function triggerPostRender() {            if ( postRenderFired ) {                return;            }            postRenderFired = true;            gform.core.triggerPostRenderEvents( 2, current_page );            if ( visibilityTestDiv ) {                visibilityTestDiv.parentNode.removeChild( visibilityTestDiv );            }        }        function debounce( func, wait, immediate ) {            var timeout;            return function() {                var context = this, args = arguments;                var later = function() {                    timeout = null;                    if ( !immediate ) func.apply( context, args );                };                var callNow = immediate && !timeout;                clearTimeout( timeout );                timeout = setTimeout( later, wait );                if ( callNow ) func.apply( context, args );            };        }        const debouncedTriggerPostRender = debounce( function() {            triggerPostRender();        }, 200 );        if ( visibilityTestDiv && visibilityTestDiv.offsetParent === null ) {            const observer = new MutationObserver( ( mutations ) => {                mutations.forEach( ( mutation ) => {                    if ( mutation.type === 'attributes' && visibilityTestDiv.offsetParent !== null ) {                        debouncedTriggerPostRender();                        observer.disconnect();                    }                });            });            observer.observe( document.body, {                attributes: true,                childList: false,                subtree: true,                attributeFilter: [ 'style', 'class' ],            });        } else {            triggerPostRender();        }    } );} );\n<\/script>\n<\/div><\/div>\n","protected":false},"excerpt":{"rendered":"<p>Vi utf\u00f6r alla sorters byggarbeten, stora och sm\u00e5, och vi \u00e4r inte r\u00e4dda f\u00f6r utmaningar! V\u00e5rt huvudsakliga verksamhetsomr\u00e5de \u00e4r runt Pargas, St Karins och \u00c5bo med omnejd! \u201dVi \u00e4r inte r\u00e4dda f\u00f6r utmaningar!\u201d Var inte blyga f\u00f6r att ta kontakt, vi diskuterar g\u00e4rna mer!<\/p>\n","protected":false},"author":1,"featured_media":0,"parent":0,"menu_order":3,"comment_status":"closed","ping_status":"closed","template":"","meta":{"_acf_changed":false,"footnotes":""},"class_list":["post-4419","page","type-page","status-publish","hentry"],"acf":[],"aioseo_notices":[],"_links":{"self":[{"href":"https:\/\/nallehasse.com\/sv\/wp-json\/wp\/v2\/pages\/4419","targetHints":{"allow":["GET"]}}],"collection":[{"href":"https:\/\/nallehasse.com\/sv\/wp-json\/wp\/v2\/pages"}],"about":[{"href":"https:\/\/nallehasse.com\/sv\/wp-json\/wp\/v2\/types\/page"}],"author":[{"embeddable":true,"href":"https:\/\/nallehasse.com\/sv\/wp-json\/wp\/v2\/users\/1"}],"replies":[{"embeddable":true,"href":"https:\/\/nallehasse.com\/sv\/wp-json\/wp\/v2\/comments?post=4419"}],"version-history":[{"count":2,"href":"https:\/\/nallehasse.com\/sv\/wp-json\/wp\/v2\/pages\/4419\/revisions"}],"predecessor-version":[{"id":4574,"href":"https:\/\/nallehasse.com\/sv\/wp-json\/wp\/v2\/pages\/4419\/revisions\/4574"}],"wp:attachment":[{"href":"https:\/\/nallehasse.com\/sv\/wp-json\/wp\/v2\/media?parent=4419"}],"curies":[{"name":"wp","href":"https:\/\/api.w.org\/{rel}","templated":true}]}}