{"id":4410,"date":"2022-11-04T16:08:05","date_gmt":"2022-11-04T14:08:05","guid":{"rendered":"https:\/\/nallehasse.medialuotsidemot.fi\/kiitos-viestistasi\/"},"modified":"2025-05-07T11:55:16","modified_gmt":"2025-05-07T08:55:16","slug":"tack-for-ditt-meddelande","status":"publish","type":"page","link":"https:\/\/nallehasse.com\/sv\/tack-for-ditt-meddelande\/","title":{"rendered":"Tack f\u00f6r ditt meddelande"},"content":{"rendered":"\n<p>Tack f\u00f6r ditt meddelande! Vi kontaktar dig s\u00e5 snart som m\u00f6jligt!<\/p>\n","protected":false},"excerpt":{"rendered":"<p>Tack f\u00f6r ditt meddelande! Vi kontaktar dig s\u00e5 snart som m\u00f6jligt!<\/p>\n","protected":false},"author":1,"featured_media":0,"parent":0,"menu_order":999,"comment_status":"closed","ping_status":"closed","template":"","meta":{"_acf_changed":false,"footnotes":""},"class_list":["post-4410","page","type-page","status-publish","hentry"],"acf":[],"aioseo_notices":[],"_links":{"self":[{"href":"https:\/\/nallehasse.com\/sv\/wp-json\/wp\/v2\/pages\/4410","targetHints":{"allow":["GET"]}}],"collection":[{"href":"https:\/\/nallehasse.com\/sv\/wp-json\/wp\/v2\/pages"}],"about":[{"href":"https:\/\/nallehasse.com\/sv\/wp-json\/wp\/v2\/types\/page"}],"author":[{"embeddable":true,"href":"https:\/\/nallehasse.com\/sv\/wp-json\/wp\/v2\/users\/1"}],"replies":[{"embeddable":true,"href":"https:\/\/nallehasse.com\/sv\/wp-json\/wp\/v2\/comments?post=4410"}],"version-history":[{"count":0,"href":"https:\/\/nallehasse.com\/sv\/wp-json\/wp\/v2\/pages\/4410\/revisions"}],"wp:attachment":[{"href":"https:\/\/nallehasse.com\/sv\/wp-json\/wp\/v2\/media?parent=4410"}],"curies":[{"name":"wp","href":"https:\/\/api.w.org\/{rel}","templated":true}]}}